{"id":1090,"date":"2020-12-02T20:10:28","date_gmt":"2020-12-02T20:10:28","guid":{"rendered":"https:\/\/startertemplatecloud.com\/g02\/?page_id=1090"},"modified":"2024-09-17T18:55:08","modified_gmt":"2024-09-17T16:55:08","slug":"about","status":"publish","type":"page","link":"https:\/\/visatocuba.com\/es\/about\/","title":{"rendered":"Quienes somos"},"content":{"rendered":"<style>.kb-row-layout-id1090_c8c613-e3 > .kt-row-column-wrap{align-content:end;}:where(.kb-row-layout-id1090_c8c613-e3 > .kt-row-column-wrap) > .wp-block-kadence-column{justify-content:end;}.kb-row-layout-id1090_c8c613-e3 > .kt-row-column-wrap{column-gap:var(--global-kb-gap-md, 2rem);row-gap:var(--global-kb-gap-md, 2rem);max-width:var( --global-content-width, 1200px );padding-left:var(--global-content-edge-padding);padding-right:var(--global-content-edge-padding);padding-top:150px;padding-bottom:25px;min-height:400px;grid-template-columns:repeat(2, minmax(0, 1fr));}.kb-row-layout-id1090_c8c613-e3{background-image:url('https:\/\/visatocuba.com\/wp-content\/uploads\/2020\/10\/bruno-martins-OhJmwB4XWLE-unsplash.jpg');background-size:cover;background-position:center center;background-attachment:scroll;background-repeat:no-repeat;}.kb-row-layout-id1090_c8c613-e3 > .kt-row-layout-overlay{opacity:0.70;background-color:var(--global-palette2, #2B6CB0);}@media all and (max-width: 1024px){.kb-row-layout-id1090_c8c613-e3 > .kt-row-column-wrap{grid-template-columns:repeat(2, minmax(0, 1fr));}}@media all and (max-width: 767px){.kb-row-layout-id1090_c8c613-e3 > .kt-row-column-wrap{grid-template-columns:minmax(0, 1fr);}}<\/style><div class=\"kb-row-layout-wrap kb-row-layout-id1090_c8c613-e3 alignnone kt-row-has-bg wp-block-kadence-rowlayout\"><div class=\"kt-row-layout-overlay kt-row-overlay-normal\"><\/div><div class=\"kt-row-column-wrap kt-has-2-columns kt-row-layout-equal kt-tab-layout-inherit kt-mobile-layout-row kt-row-valign-bottom kb-theme-content-width\">\n<style>.kadence-column1090_a6cedc-a5 > .kt-inside-inner-col,.kadence-column1090_a6cedc-a5 > .kt-inside-inner-col:before{border-top-left-radius:0px;border-top-right-radius:0px;border-bottom-right-radius:0px;border-bottom-left-radius:0px;}.kadence-column1090_a6cedc-a5 > .kt-inside-inner-col{column-gap:var(--global-kb-gap-sm, 1rem);}.kadence-column1090_a6cedc-a5 > .kt-inside-inner-col{flex-direction:column;}.kadence-column1090_a6cedc-a5 > .kt-inside-inner-col > .aligncenter{width:100%;}.kadence-column1090_a6cedc-a5 > .kt-inside-inner-col:before{opacity:0.3;}.kadence-column1090_a6cedc-a5{position:relative;}@media all and (max-width: 1024px){.kadence-column1090_a6cedc-a5 > .kt-inside-inner-col{flex-direction:column;justify-content:center;}}@media all and (max-width: 767px){.kadence-column1090_a6cedc-a5 > .kt-inside-inner-col{flex-direction:column;justify-content:center;}}<\/style>\n<div class=\"wp-block-kadence-column kadence-column1090_a6cedc-a5 inner-column-1\"><div class=\"kt-inside-inner-col\"><style>.wp-block-kadence-advancedheading.kt-adv-heading1090_5bf494-2c, .wp-block-kadence-advancedheading.kt-adv-heading1090_5bf494-2c[data-kb-block=\"kb-adv-heading1090_5bf494-2c\"]{font-size:60px;font-weight:normal;font-style:normal;color:#ffffff;}.wp-block-kadence-advancedheading.kt-adv-heading1090_5bf494-2c mark.kt-highlight, .wp-block-kadence-advancedheading.kt-adv-heading1090_5bf494-2c[data-kb-block=\"kb-adv-heading1090_5bf494-2c\"] mark.kt-highlight{font-weight:normal;font-style:normal;color:#f76a0c;-webkit-box-decoration-break:clone;box-decoration-break:clone;padding-top:0px;padding-right:0px;padding-bottom:0px;padding-left:0px;}@media all and (max-width: 1024px){.wp-block-kadence-advancedheading.kt-adv-heading1090_5bf494-2c, .wp-block-kadence-advancedheading.kt-adv-heading1090_5bf494-2c[data-kb-block=\"kb-adv-heading1090_5bf494-2c\"]{font-size:50px;}}@media all and (max-width: 767px){.wp-block-kadence-advancedheading.kt-adv-heading1090_5bf494-2c, .wp-block-kadence-advancedheading.kt-adv-heading1090_5bf494-2c[data-kb-block=\"kb-adv-heading1090_5bf494-2c\"]{font-size:40px;}}<\/style>\n<h1 class=\"kt-adv-heading1090_5bf494-2c wp-block-kadence-advancedheading\" data-kb-block=\"kb-adv-heading1090_5bf494-2c\">Cuba desde 1998<\/h1>\n<\/div><\/div>\n\n\n<style>.kadence-column1090_0a6422-de > .kt-inside-inner-col,.kadence-column1090_0a6422-de > .kt-inside-inner-col:before{border-top-left-radius:0px;border-top-right-radius:0px;border-bottom-right-radius:0px;border-bottom-left-radius:0px;}.kadence-column1090_0a6422-de > .kt-inside-inner-col{column-gap:var(--global-kb-gap-sm, 1rem);}.kadence-column1090_0a6422-de > .kt-inside-inner-col{flex-direction:column;}.kadence-column1090_0a6422-de > .kt-inside-inner-col > .aligncenter{width:100%;}.kadence-column1090_0a6422-de > .kt-inside-inner-col:before{opacity:0.3;}.kadence-column1090_0a6422-de{position:relative;}@media all and (max-width: 1024px){.kadence-column1090_0a6422-de > .kt-inside-inner-col{flex-direction:column;justify-content:center;}}@media all and (max-width: 767px){.kadence-column1090_0a6422-de > .kt-inside-inner-col{flex-direction:column;justify-content:center;}}<\/style>\n<div class=\"wp-block-kadence-column kadence-column1090_0a6422-de inner-column-2\"><div class=\"kt-inside-inner-col\"><\/div><\/div>\n\n<\/div><\/div>\n\n<style>.kb-row-layout-id1090_98c6f1-b1 > .kt-row-column-wrap{align-content:start;}:where(.kb-row-layout-id1090_98c6f1-b1 > .kt-row-column-wrap) > .wp-block-kadence-column{justify-content:start;}.kb-row-layout-id1090_98c6f1-b1 > .kt-row-column-wrap{column-gap:var(--global-kb-gap-md, 2rem);row-gap:var(--global-kb-gap-md, 2rem);max-width:var( --global-content-width, 1200px );padding-left:var(--global-content-edge-padding);padding-right:var(--global-content-edge-padding);padding-top:120px;padding-bottom:40px;grid-template-columns:minmax(0, calc(40% - ((var(--global-kb-gap-md, 2rem) * 2 )\/3)))minmax(0, calc(30% - ((var(--global-kb-gap-md, 2rem) * 2 )\/3)))minmax(0, calc(30% - ((var(--global-kb-gap-md, 2rem) * 2 )\/3)));}.kb-row-layout-id1090_98c6f1-b1 > .kt-row-layout-overlay{opacity:0.30;}@media all and (max-width: 1024px){.kb-row-layout-id1090_98c6f1-b1 > .kt-row-column-wrap > div:not(.added-for-specificity){grid-column:initial;}}@media all and (max-width: 1024px){.kb-row-layout-id1090_98c6f1-b1 > .kt-row-column-wrap{grid-template-columns:repeat(3, minmax(0, 1fr));}}@media all and (max-width: 767px){.kb-row-layout-id1090_98c6f1-b1 > .kt-row-column-wrap > div:not(.added-for-specificity){grid-column:initial;}.kb-row-layout-id1090_98c6f1-b1 > .kt-row-column-wrap{grid-template-columns:minmax(0, 1fr);}}<\/style><div class=\"kb-row-layout-wrap kb-row-layout-id1090_98c6f1-b1 alignnone wp-block-kadence-rowlayout\"><div class=\"kt-row-column-wrap kt-has-3-columns kt-row-layout-equal kt-tab-layout-inherit kt-mobile-layout-row kt-row-valign-top kb-theme-content-width\">\n<style>.kadence-column1090_96d52b-9b > .kt-inside-inner-col,.kadence-column1090_96d52b-9b > .kt-inside-inner-col:before{border-top-left-radius:0px;border-top-right-radius:0px;border-bottom-right-radius:0px;border-bottom-left-radius:0px;}.kadence-column1090_96d52b-9b > .kt-inside-inner-col{column-gap:var(--global-kb-gap-sm, 1rem);}.kadence-column1090_96d52b-9b > .kt-inside-inner-col{flex-direction:column;}.kadence-column1090_96d52b-9b > .kt-inside-inner-col > .aligncenter{width:100%;}.kadence-column1090_96d52b-9b > .kt-inside-inner-col:before{opacity:0.3;}.kadence-column1090_96d52b-9b{position:relative;}@media all and (max-width: 1024px){.kadence-column1090_96d52b-9b > .kt-inside-inner-col{flex-direction:column;justify-content:center;}}@media all and (max-width: 767px){.kadence-column1090_96d52b-9b > .kt-inside-inner-col{flex-direction:column;justify-content:center;}}<\/style>\n<div class=\"wp-block-kadence-column kadence-column1090_96d52b-9b inner-column-1\"><div class=\"kt-inside-inner-col\"><style>.wp-block-kadence-advancedheading.kt-adv-heading1090_e2e4cd-09, .wp-block-kadence-advancedheading.kt-adv-heading1090_e2e4cd-09[data-kb-block=\"kb-adv-heading1090_e2e4cd-09\"]{font-weight:700;font-style:normal;}.wp-block-kadence-advancedheading.kt-adv-heading1090_e2e4cd-09 mark.kt-highlight, .wp-block-kadence-advancedheading.kt-adv-heading1090_e2e4cd-09[data-kb-block=\"kb-adv-heading1090_e2e4cd-09\"] mark.kt-highlight{font-weight:normal;font-style:normal;color:#f76a0c;-webkit-box-decoration-break:clone;box-decoration-break:clone;padding-top:0px;padding-right:0px;padding-bottom:0px;padding-left:0px;}<\/style>\n<p class=\"kt-adv-heading1090_e2e4cd-09 wp-block-kadence-advancedheading has-theme-palette-1-color has-text-color\" data-kb-block=\"kb-adv-heading1090_e2e4cd-09\"><\/p>\n\n\n<style>.wp-block-kadence-advancedheading.kt-adv-heading1090_0a8050-be, .wp-block-kadence-advancedheading.kt-adv-heading1090_0a8050-be[data-kb-block=\"kb-adv-heading1090_0a8050-be\"]{margin-top:10px;font-size:50px;font-weight:normal;font-style:normal;}.wp-block-kadence-advancedheading.kt-adv-heading1090_0a8050-be mark.kt-highlight, .wp-block-kadence-advancedheading.kt-adv-heading1090_0a8050-be[data-kb-block=\"kb-adv-heading1090_0a8050-be\"] mark.kt-highlight{font-weight:normal;font-style:normal;color:#f76a0c;-webkit-box-decoration-break:clone;box-decoration-break:clone;padding-top:0px;padding-right:0px;padding-bottom:0px;padding-left:0px;}@media all and (max-width: 1024px){.wp-block-kadence-advancedheading.kt-adv-heading1090_0a8050-be, .wp-block-kadence-advancedheading.kt-adv-heading1090_0a8050-be[data-kb-block=\"kb-adv-heading1090_0a8050-be\"]{font-size:40px;}}@media all and (max-width: 767px){.wp-block-kadence-advancedheading.kt-adv-heading1090_0a8050-be, .wp-block-kadence-advancedheading.kt-adv-heading1090_0a8050-be[data-kb-block=\"kb-adv-heading1090_0a8050-be\"]{font-size:30px;}}<\/style>\n<h2 class=\"kt-adv-heading1090_0a8050-be wp-block-kadence-advancedheading\" data-kb-block=\"kb-adv-heading1090_0a8050-be\">La historia<\/h2>\n\n\n\n<p>Nuestra Agencia comenz\u00f3 a colaborar en el mundo del turismo con Cuba all\u00e1 por el a\u00f1o 1998.<\/p>\n\n\n\n<p>Hemos vivido, a\u00f1o tras a\u00f1o, experiencias \u00fanicas en esta fant\u00e1stica isla junto a su maravillosa poblaci\u00f3n.<\/p>\n\n\n\n<p>Gracias a las relaciones establecidas a lo largo de los a\u00f1os con las instituciones cubanas m\u00e1s autorizadas en el sector tur\u00edstico, hemos podido crear esta tienda online para la compra de la VISA DE TURISTA, necesaria para el ingreso al pa\u00eds.<\/p>\n\n\n\n<p>En tan solo unos clics podr\u00e1s obtener tu EVISA ONLINE, el tr\u00e1mite electr\u00f3nico vigente desde el 12 de julio de 2024.<\/p>\n<\/div><\/div>\n\n\n<style>.kadence-column1090_61fe4f-7a > .kt-inside-inner-col,.kadence-column1090_61fe4f-7a > .kt-inside-inner-col:before{border-top-left-radius:0px;border-top-right-radius:0px;border-bottom-right-radius:0px;border-bottom-left-radius:0px;}.kadence-column1090_61fe4f-7a > .kt-inside-inner-col{column-gap:var(--global-kb-gap-sm, 1rem);}.kadence-column1090_61fe4f-7a > .kt-inside-inner-col{flex-direction:column;}.kadence-column1090_61fe4f-7a > .kt-inside-inner-col > .aligncenter{width:100%;}.kadence-column1090_61fe4f-7a > .kt-inside-inner-col:before{opacity:0.3;}.kadence-column1090_61fe4f-7a{position:relative;}.kadence-column1090_61fe4f-7a, .kt-inside-inner-col > .kadence-column1090_61fe4f-7a:not(.specificity){margin-right:-120px;margin-left:60px;}@media all and (max-width: 1024px){.kadence-column1090_61fe4f-7a > .kt-inside-inner-col{flex-direction:column;justify-content:center;}}@media all and (max-width: 767px){.kadence-column1090_61fe4f-7a > .kt-inside-inner-col{flex-direction:column;justify-content:center;}.kadence-column1090_61fe4f-7a, .kt-inside-inner-col > .kadence-column1090_61fe4f-7a:not(.specificity){margin-top:0px;margin-right:1px;margin-bottom:0px;margin-left:1px;}}<\/style>\n<div class=\"wp-block-kadence-column kadence-column1090_61fe4f-7a inner-column-2\"><div class=\"kt-inside-inner-col\"><style>.wp-block-kadence-spacer.kt-block-spacer-1090_e3a634-cb .kt-block-spacer{height:100px;}.wp-block-kadence-spacer.kt-block-spacer-1090_e3a634-cb .kt-divider{border-top-width:1px;height:1px;border-top-color:#eee;width:80%;border-top-style:solid;}@media all and (max-width: 767px){.wp-block-kadence-spacer.kt-block-spacer-1090_e3a634-cb .kt-block-spacer{height:6px!important;}}<\/style>\n<div class=\"wp-block-kadence-spacer aligncenter kt-block-spacer-1090_e3a634-cb\"><div class=\"kt-block-spacer kt-block-spacer-halign-center\"><\/div><\/div>\n\n\n\n<figure class=\"wp-block-gallery has-nested-images columns-default is-cropped wp-block-gallery-1 is-layout-flex wp-block-gallery-is-layout-flex\">\n<figure class=\"wp-block-image size-full\"><img fetchpriority=\"high\" decoding=\"async\" width=\"1628\" height=\"2560\" data-id=\"1217\" src=\"https:\/\/visatocuba.com\/wp-content\/uploads\/2024\/09\/fidel_baseball_BN-scaled.jpg\" alt=\"\" class=\"wp-image-1217\" srcset=\"https:\/\/visatocuba.com\/wp-content\/uploads\/2024\/09\/fidel_baseball_BN-scaled.jpg 1628w, https:\/\/visatocuba.com\/wp-content\/uploads\/2024\/09\/fidel_baseball_BN-191x300.jpg 191w, https:\/\/visatocuba.com\/wp-content\/uploads\/2024\/09\/fidel_baseball_BN-651x1024.jpg 651w, https:\/\/visatocuba.com\/wp-content\/uploads\/2024\/09\/fidel_baseball_BN-768x1207.jpg 768w, https:\/\/visatocuba.com\/wp-content\/uploads\/2024\/09\/fidel_baseball_BN-977x1536.jpg 977w, https:\/\/visatocuba.com\/wp-content\/uploads\/2024\/09\/fidel_baseball_BN-1303x2048.jpg 1303w, https:\/\/visatocuba.com\/wp-content\/uploads\/2024\/09\/fidel_baseball_BN-700x1100.jpg 700w\" sizes=\"(max-width: 1628px) 100vw, 1628px\" \/><\/figure>\n<\/figure>\n<\/div><\/div>\n\n\n<style>.kadence-column1090_511b4b-c8 > .kt-inside-inner-col,.kadence-column1090_511b4b-c8 > .kt-inside-inner-col:before{border-top-left-radius:0px;border-top-right-radius:0px;border-bottom-right-radius:0px;border-bottom-left-radius:0px;}.kadence-column1090_511b4b-c8 > .kt-inside-inner-col{column-gap:var(--global-kb-gap-sm, 1rem);}.kadence-column1090_511b4b-c8 > .kt-inside-inner-col{flex-direction:column;}.kadence-column1090_511b4b-c8 > .kt-inside-inner-col > .aligncenter{width:100%;}.kadence-column1090_511b4b-c8 > .kt-inside-inner-col:before{opacity:0.3;}.kadence-column1090_511b4b-c8{position:relative;}@media all and (max-width: 1024px){.kadence-column1090_511b4b-c8 > .kt-inside-inner-col{flex-direction:column;justify-content:center;}}@media all and (max-width: 767px){.kadence-column1090_511b4b-c8 > .kt-inside-inner-col{flex-direction:column;justify-content:center;}}<\/style>\n<div class=\"wp-block-kadence-column kadence-column1090_511b4b-c8 inner-column-3\"><div class=\"kt-inside-inner-col\">\n<figure class=\"wp-block-image size-large\"><img decoding=\"async\" width=\"1024\" height=\"768\" src=\"https:\/\/visatocuba.com\/wp-content\/uploads\/2024\/09\/fidel_baseball_BN2-1024x768.jpg\" alt=\"\" class=\"wp-image-1218\" srcset=\"\" sizes=\"(max-width: 1024px) 100vw, 1024px\" data-srcset=\"\" \/><\/figure>\n<\/div><\/div>\n\n<\/div><\/div>\n\n<style>.kb-row-layout-id1090_415211-e5 > .kt-row-column-wrap{align-content:start;}:where(.kb-row-layout-id1090_415211-e5 > .kt-row-column-wrap) > .wp-block-kadence-column{justify-content:start;}.kb-row-layout-id1090_415211-e5 > .kt-row-column-wrap{column-gap:var(--global-kb-gap-md, 2rem);row-gap:var(--global-kb-gap-md, 2rem);max-width:var( --global-content-width, 1200px );padding-left:var(--global-content-edge-padding);padding-right:var(--global-content-edge-padding);padding-top:60px;padding-bottom:45px;grid-template-columns:minmax(0, 1fr);}.kb-row-layout-id1090_415211-e5 > .kt-row-layout-overlay{opacity:0.30;}@media all and (max-width: 1024px){.kb-row-layout-id1090_415211-e5 > .kt-row-column-wrap{grid-template-columns:minmax(0, 1fr);}}@media all and (max-width: 767px){.kb-row-layout-id1090_415211-e5 > .kt-row-column-wrap{grid-template-columns:minmax(0, 1fr);}}<\/style><div class=\"kb-row-layout-wrap kb-row-layout-id1090_415211-e5 alignnone wp-block-kadence-rowlayout\"><div class=\"kt-row-column-wrap kt-has-1-columns kt-row-layout-equal kt-tab-layout-inherit kt-mobile-layout-row kt-row-valign-top kb-theme-content-width\">\n<style>.kadence-column1090_e8f2da-73 > .kt-inside-inner-col,.kadence-column1090_e8f2da-73 > .kt-inside-inner-col:before{border-top-left-radius:0px;border-top-right-radius:0px;border-bottom-right-radius:0px;border-bottom-left-radius:0px;}.kadence-column1090_e8f2da-73 > .kt-inside-inner-col{column-gap:var(--global-kb-gap-sm, 1rem);}.kadence-column1090_e8f2da-73 > .kt-inside-inner-col{flex-direction:column;}.kadence-column1090_e8f2da-73 > .kt-inside-inner-col > .aligncenter{width:100%;}.kadence-column1090_e8f2da-73 > .kt-inside-inner-col:before{opacity:0.3;}.kadence-column1090_e8f2da-73{position:relative;}@media all and (max-width: 1024px){.kadence-column1090_e8f2da-73 > .kt-inside-inner-col{flex-direction:column;justify-content:center;}}@media all and (max-width: 767px){.kadence-column1090_e8f2da-73 > .kt-inside-inner-col{flex-direction:column;justify-content:center;}}<\/style>\n<div class=\"wp-block-kadence-column kadence-column1090_e8f2da-73 inner-column-1\"><div class=\"kt-inside-inner-col\"><\/div><\/div>\n\n<\/div><\/div>","protected":false},"excerpt":{"rendered":"<p>Cuba dal 1998 La Storia La nostra Agenzia ha iniziato a collaborare nel mondo del turismo con Cuba, nel lontano 1998. Abbiamo vissuto, anno dopo anno, esperienze uniche in questa fantastica Isola insieme alla sua meravigliosa popolazione. Grazie ai rapporti intercorsi negli anni con le piu\u2019 autorevoli istituzioni Cubane nel settore del Turismo, abbiamo potuto&#8230;<\/p>","protected":false},"author":1,"featured_media":1174,"parent":0,"menu_order":0,"comment_status":"closed","ping_status":"closed","template":"","meta":{"_kadence_starter_templates_imported_post":true,"_kad_post_transparent":"","_kad_post_title":"hide","_kad_post_layout":"fullwidth","_kad_post_sidebar_id":"","_kad_post_content_style":"unboxed","_kad_post_vertical_padding":"hide","_kad_post_feature":"","_kad_post_feature_position":"","_kad_post_header":false,"_kad_post_footer":false,"footnotes":""},"class_list":["post-1090","page","type-page","status-publish","has-post-thumbnail","hentry"],"_links":{"self":[{"href":"https:\/\/visatocuba.com\/es\/wp-json\/wp\/v2\/pages\/1090","targetHints":{"allow":["GET"]}}],"collection":[{"href":"https:\/\/visatocuba.com\/es\/wp-json\/wp\/v2\/pages"}],"about":[{"href":"https:\/\/visatocuba.com\/es\/wp-json\/wp\/v2\/types\/page"}],"author":[{"embeddable":true,"href":"https:\/\/visatocuba.com\/es\/wp-json\/wp\/v2\/users\/1"}],"replies":[{"embeddable":true,"href":"https:\/\/visatocuba.com\/es\/wp-json\/wp\/v2\/comments?post=1090"}],"version-history":[{"count":5,"href":"https:\/\/visatocuba.com\/es\/wp-json\/wp\/v2\/pages\/1090\/revisions"}],"predecessor-version":[{"id":1220,"href":"https:\/\/visatocuba.com\/es\/wp-json\/wp\/v2\/pages\/1090\/revisions\/1220"}],"wp:featuredmedia":[{"embeddable":true,"href":"https:\/\/visatocuba.com\/es\/wp-json\/wp\/v2\/media\/1174"}],"wp:attachment":[{"href":"https:\/\/visatocuba.com\/es\/wp-json\/wp\/v2\/media?parent=1090"}],"curies":[{"name":"wp","href":"https:\/\/api.w.org\/{rel}","templated":true}]}}