{"id":974,"date":"2020-11-23T05:52:45","date_gmt":"2020-11-23T05:52:45","guid":{"rendered":"https:\/\/startertemplatecloud.com\/g02\/?page_id=974"},"modified":"2025-02-20T08:38:08","modified_gmt":"2025-02-20T07:38:08","slug":"home-2","status":"publish","type":"page","link":"https:\/\/visatocuba.com\/es\/home-2\/","title":{"rendered":"Comprar AHORA"},"content":{"rendered":"<style>.kb-row-layout-id974_49cd9b-d6 > .kt-row-column-wrap{align-content:start;}:where(.kb-row-layout-id974_49cd9b-d6 > .kt-row-column-wrap) > .wp-block-kadence-column{justify-content:start;}.kb-row-layout-id974_49cd9b-d6 > .kt-row-column-wrap{column-gap:var(--global-kb-gap-md, 2rem);row-gap:var(--global-kb-gap-md, 2rem);padding-top:var(--global-kb-spacing-sm, 1.5rem);padding-bottom:var(--global-kb-spacing-sm, 1.5rem);grid-template-columns:minmax(0, 1fr);}.kb-row-layout-id974_49cd9b-d6 > .kt-row-layout-overlay{opacity:0.30;}@media all and (max-width: 1024px){.kb-row-layout-id974_49cd9b-d6 > .kt-row-column-wrap{grid-template-columns:minmax(0, 1fr);}}@media all and (max-width: 767px){.kb-row-layout-id974_49cd9b-d6 > .kt-row-column-wrap{grid-template-columns:minmax(0, 1fr);}}<\/style><div class=\"kb-row-layout-wrap kb-row-layout-id974_49cd9b-d6 alignnone wp-block-kadence-rowlayout\"><div class=\"kt-row-column-wrap kt-has-1-columns kt-row-layout-equal kt-tab-layout-inherit kt-mobile-layout-row kt-row-valign-top\">\n<style>.kadence-column974_5b3d89-b6 > .kt-inside-inner-col,.kadence-column974_5b3d89-b6 > .kt-inside-inner-col:before{border-top-left-radius:0px;border-top-right-radius:0px;border-bottom-right-radius:0px;border-bottom-left-radius:0px;}.kadence-column974_5b3d89-b6 > .kt-inside-inner-col{column-gap:var(--global-kb-gap-sm, 1rem);}.kadence-column974_5b3d89-b6 > .kt-inside-inner-col{flex-direction:column;}.kadence-column974_5b3d89-b6 > .kt-inside-inner-col > .aligncenter{width:100%;}.kadence-column974_5b3d89-b6 > .kt-inside-inner-col:before{opacity:0.3;}.kadence-column974_5b3d89-b6{position:relative;}@media all and (max-width: 1024px){.kadence-column974_5b3d89-b6 > .kt-inside-inner-col{flex-direction:column;justify-content:center;}}@media all and (max-width: 767px){.kadence-column974_5b3d89-b6 > .kt-inside-inner-col{flex-direction:column;justify-content:center;}}<\/style>\n<div class=\"wp-block-kadence-column kadence-column974_5b3d89-b6\"><div class=\"kt-inside-inner-col\"><div class=\"wp-block-image\">\n<figure class=\"aligncenter size-full\"><img fetchpriority=\"high\" decoding=\"async\" width=\"2287\" height=\"895\" src=\"https:\/\/visatocuba.com\/wp-content\/uploads\/2024\/09\/immagine_head_EVisa_CUBA.jpg\" alt=\"\" class=\"wp-image-1193\" srcset=\"https:\/\/visatocuba.com\/wp-content\/uploads\/2024\/09\/immagine_head_EVisa_CUBA.jpg 2287w, https:\/\/visatocuba.com\/wp-content\/uploads\/2024\/09\/immagine_head_EVisa_CUBA-300x117.jpg 300w, https:\/\/visatocuba.com\/wp-content\/uploads\/2024\/09\/immagine_head_EVisa_CUBA-1024x401.jpg 1024w, https:\/\/visatocuba.com\/wp-content\/uploads\/2024\/09\/immagine_head_EVisa_CUBA-768x301.jpg 768w, https:\/\/visatocuba.com\/wp-content\/uploads\/2024\/09\/immagine_head_EVisa_CUBA-1536x601.jpg 1536w, https:\/\/visatocuba.com\/wp-content\/uploads\/2024\/09\/immagine_head_EVisa_CUBA-2048x801.jpg 2048w, https:\/\/visatocuba.com\/wp-content\/uploads\/2024\/09\/immagine_head_EVisa_CUBA-700x274.jpg 700w\" sizes=\"(max-width: 2287px) 100vw, 2287px\" \/><\/figure>\n<\/div><\/div><\/div>\n\n<\/div><\/div>\n\n\n<p class=\"has-text-align-center has-medium-font-size\"><strong>COMPRA en UNOS POCOS CLIC y RECIBE EVISA<\/strong><br><strong>la VISA ELECTR\u00d3NICA de ENTRADA a CUBA para TURISMO<\/strong><\/p>\n\n\n\n<p class=\"has-text-align-center has-small-font-size\">Inmediatamente despu\u00e9s de comprar online, recibir\u00e1s un archivo PDF que contiene el enlace y el c\u00f3digo de tu EVISA.<br>7 GIORNI prima della partenza, cliccate sul link ed accedete alla pagina del Formulario D&#8217;Viajero<br>Rellena todos los campos obligatorios (marcados con *) as\u00ed como la direcci\u00f3n de correo electr\u00f3nico que te recomendamos introducir. <br>Vea el PDF que contiene su EVISA, que puede descargar en l\u00ednea y recibir por correo electr\u00f3nico.<br>EST\u00c1S LISTO PARA VIAJAR !!!<\/p>\n\n\n\n<p class=\"has-text-align-center has-medium-font-size\"><strong>IMPORTANTE<\/strong><\/p>\n\n\n\n<p class=\"has-text-align-center has-small-font-size\">Para ayudarte con la recopilaci\u00f3n, despu\u00e9s de completar el pago en el carrito, <br>Recibir\u00e1s un archivo PDF que contiene un FAC-S\u00cdMIL con todos los PASO a PASO a seguir.<\/p>\n\n\n<style>.kb-row-layout-wrap.wp-block-kadence-rowlayout.kb-row-layout-id974_203b60-6c{margin-top:0px;}.kb-row-layout-id974_203b60-6c > .kt-row-column-wrap{align-content:start;}:where(.kb-row-layout-id974_203b60-6c > .kt-row-column-wrap) > .wp-block-kadence-column{justify-content:start;}.kb-row-layout-id974_203b60-6c > .kt-row-column-wrap{column-gap:var(--global-kb-gap-md, 2rem);row-gap:var(--global-kb-gap-md, 2rem);padding-top:0px;padding-bottom:0px;grid-template-columns:minmax(0, 1fr);}.kb-row-layout-id974_203b60-6c > .kt-row-layout-overlay{opacity:0.30;}@media all and (max-width: 1024px){.kb-row-layout-id974_203b60-6c > .kt-row-column-wrap{grid-template-columns:minmax(0, 1fr);}}@media all and (max-width: 767px){.kb-row-layout-id974_203b60-6c > .kt-row-column-wrap{grid-template-columns:minmax(0, 1fr);}}<\/style><div class=\"kb-row-layout-wrap kb-row-layout-id974_203b60-6c alignnone wp-block-kadence-rowlayout\"><div class=\"kt-row-column-wrap kt-has-1-columns kt-row-layout-equal kt-tab-layout-inherit kt-mobile-layout-row kt-row-valign-top\">\n<style>.kadence-column974_5a8692-f4 > .kt-inside-inner-col,.kadence-column974_5a8692-f4 > .kt-inside-inner-col:before{border-top-left-radius:0px;border-top-right-radius:0px;border-bottom-right-radius:0px;border-bottom-left-radius:0px;}.kadence-column974_5a8692-f4 > .kt-inside-inner-col{column-gap:var(--global-kb-gap-sm, 1rem);}.kadence-column974_5a8692-f4 > .kt-inside-inner-col{flex-direction:column;}.kadence-column974_5a8692-f4 > .kt-inside-inner-col > .aligncenter{width:100%;}.kadence-column974_5a8692-f4 > .kt-inside-inner-col:before{opacity:0.3;}.kadence-column974_5a8692-f4{position:relative;}.kadence-column974_5a8692-f4, .kt-inside-inner-col > .kadence-column974_5a8692-f4:not(.specificity){margin-top:var(--global-kb-spacing-lg, 3rem);margin-bottom:var(--global-kb-spacing-xl, 4rem);}@media all and (max-width: 1024px){.kadence-column974_5a8692-f4 > .kt-inside-inner-col{flex-direction:column;justify-content:center;}}@media all and (max-width: 767px){.kadence-column974_5a8692-f4 > .kt-inside-inner-col{flex-direction:column;justify-content:center;}}<\/style>\n<div class=\"wp-block-kadence-column kadence-column974_5a8692-f4 inner-column-1\"><div class=\"kt-inside-inner-col\"><style>.wp-block-kadence-advancedheading.kt-adv-heading974_bca830-9e, .wp-block-kadence-advancedheading.kt-adv-heading974_bca830-9e[data-kb-block=\"kb-adv-heading974_bca830-9e\"]{text-align:center;font-style:normal;}.wp-block-kadence-advancedheading.kt-adv-heading974_bca830-9e mark.kt-highlight, .wp-block-kadence-advancedheading.kt-adv-heading974_bca830-9e[data-kb-block=\"kb-adv-heading974_bca830-9e\"] mark.kt-highlight{font-style:normal;color:#f76a0c;-webkit-box-decoration-break:clone;box-decoration-break:clone;padding-top:0px;padding-right:0px;padding-bottom:0px;padding-left:0px;}<\/style>\n<h2 class=\"kt-adv-heading974_bca830-9e wp-block-kadence-advancedheading\" data-kb-block=\"kb-adv-heading974_bca830-9e\"><a href=\"https:\/\/visatocuba.com\/es\/shop-2\/\">COMPRAR AHORA<\/a><\/h2>\n\n\n<div class=\"wp-block-image\">\n<figure class=\"aligncenter size-full\"><a href=\"https:\/\/visatocuba.com\/es\/shop-2\/\"><img decoding=\"async\" width=\"232\" height=\"241\" src=\"https:\/\/visatocuba.com\/wp-content\/uploads\/2024\/09\/cropped-Evisa_Logo.jpg\" alt=\"\" class=\"wp-image-1179\"\/><\/a><\/figure>\n<\/div><\/div><\/div>\n\n<\/div><\/div>\n\n\n<p class=\"has-text-align-center has-small-font-size\"><\/p>","protected":false},"excerpt":{"rendered":"<p>ACQUISTA in POCHI CLICK e RICEVI EVISAil VISTO ELETTRONICO d&#8217;INGRESSO a CUBA per TURISMO Subito dopo l&#8217;acquisto online, riceverete un file PDF contenente il link ed il codice del Vostro EVISA.7 GIORNI prima della partenza, cliccate sul link ed accedete alla pagina del Formulario D&#8217;ViajeroCompilate tutti i campi obbligatori (contrassegnati dal *) oltre all&#8217;indirizzo mail&#8230;<\/p>","protected":false},"author":1,"featured_media":1175,"parent":0,"menu_order":0,"comment_status":"closed","ping_status":"closed","template":"","meta":{"_kadence_starter_templates_imported_post":true,"_kad_post_transparent":"","_kad_post_title":"hide","_kad_post_layout":"fullwidth","_kad_post_sidebar_id":"","_kad_post_content_style":"unboxed","_kad_post_vertical_padding":"hide","_kad_post_feature":"","_kad_post_feature_position":"","_kad_post_header":false,"_kad_post_footer":false,"footnotes":""},"class_list":["post-974","page","type-page","status-publish","has-post-thumbnail","hentry"],"_links":{"self":[{"href":"https:\/\/visatocuba.com\/es\/wp-json\/wp\/v2\/pages\/974","targetHints":{"allow":["GET"]}}],"collection":[{"href":"https:\/\/visatocuba.com\/es\/wp-json\/wp\/v2\/pages"}],"about":[{"href":"https:\/\/visatocuba.com\/es\/wp-json\/wp\/v2\/types\/page"}],"author":[{"embeddable":true,"href":"https:\/\/visatocuba.com\/es\/wp-json\/wp\/v2\/users\/1"}],"replies":[{"embeddable":true,"href":"https:\/\/visatocuba.com\/es\/wp-json\/wp\/v2\/comments?post=974"}],"version-history":[{"count":17,"href":"https:\/\/visatocuba.com\/es\/wp-json\/wp\/v2\/pages\/974\/revisions"}],"predecessor-version":[{"id":1304,"href":"https:\/\/visatocuba.com\/es\/wp-json\/wp\/v2\/pages\/974\/revisions\/1304"}],"wp:featuredmedia":[{"embeddable":true,"href":"https:\/\/visatocuba.com\/es\/wp-json\/wp\/v2\/media\/1175"}],"wp:attachment":[{"href":"https:\/\/visatocuba.com\/es\/wp-json\/wp\/v2\/media?parent=974"}],"curies":[{"name":"wp","href":"https:\/\/api.w.org\/{rel}","templated":true}]}}